{"id":3926,"date":"2020-03-18T13:23:07","date_gmt":"2020-03-18T13:23:07","guid":{"rendered":"https:\/\/braco.global\/?post_type=product&#038;p=3926"},"modified":"2022-07-23T17:28:23","modified_gmt":"2022-07-23T17:28:23","slug":"osobni-setkani","status":"publish","type":"product","link":"https:\/\/braco.global\/en\/shop\/osobni-setkani\/","title":{"rendered":"Osobn\u00ed setk\u00e1n\u00ed"},"content":{"rendered":"<p><span class=\"text_product_detail\"><strong>Osobn\u00ed setk\u00e1n\u00ed<\/strong><\/span><\/p>\n<p><span class=\"text_product_detail\"><strong>DVD, 2013, 60 minuty<br \/>\n<\/strong><\/span><\/p>\n<p><strong><span class=\"text_product_detail\">DE, EN, HR, CZ, NL (<span class=\"\">samostatn\u00fd<\/span> dvd)<\/span><\/strong><\/p>\n<p>Stovky tis\u00edc se s n\u00edm setk\u00e1vaj\u00ed ka\u017ed\u00fd rok. Braco, mu\u017e ze Z\u00e1h\u0159ebu, Chorvatska, zn\u00e1m\u00fd sv\u00fdm &#8220;d\u00e1vaj\u00edc\u00edm pohledem&#8221;, kter\u00fd lid\u00e9 ozna\u010duj\u00ed jako podivuhodn\u00fd. Mnoho vypr\u00e1v\u00ed o z\u00e1\u017eitc\u00edch a pocitech jako je m\u00edr, harmonie, l\u00e1ska a nov\u00e1 d\u016fv\u011bra. Mnoz\u00ed mluv\u00ed o nov\u00e9m pocitu v \u017eivot\u011b, pozitivn\u00edcm zlep\u0161en\u00ed rodinn\u00e9 a profesn\u00ed situace nebo dokonce o zdravotn\u00edch zlep\u0161en\u00edch.<\/p>\n<p>Tento film, kter\u00fd jde do srdce, re\u017e\u00edrovan\u00fd Thomasem Eichem, popisuje se schopnost\u00ed vc\u00edtit se, \u017eivot a misi Josipa Grbavace, kter\u00e9ho cel\u00fd sv\u011bt naz\u00fdv\u00e1 Braco. Jeho &#8220;norm\u00e1ln\u00ed \u017eivot&#8221;, po hluboce jdouc\u00edm setk\u00e1n\u00ed s jeho mentorem, p\u0159\u00edtelem a miluj\u00edc\u00edm u\u010ditelem, Ivicou Proki\u010dem byl navr\u00e1cen\u00fd k Bracovu p\u016fvodn\u00edmu ur\u010den\u00ed, k duchovn\u00edmu \u017eivotu ve slu\u017eb\u011b lidem. Po\u010detn\u00ed, p\u0159\u00e1tel\u00e9 a n\u00e1v\u0161t\u011bvn\u00edci jeho akc\u00ed, mluv\u00ed a l\u00ed\u010d\u00ed &#8220;zcela osobn\u00ed setk\u00e1n\u00ed&#8221;, jejich pohnut\u00e9 z\u00e1\u017eitky s t\u00edmto mu\u017eem, kter\u00fd lidi chce nezji\u0161tn\u011b nechat u\u010d\u00e1stnit se na tom, co on v sob\u011b c\u00edt\u00ed, tuto nekone\u010dnou l\u00e1sku a harmonii, kter\u00e1 pramen\u00ed z vy\u0161\u0161\u00edho zdroje.<\/p>\n<p>Braco jednou \u0159ekl: &#8220;D\u011bl\u00e1m jen to, co d\u011blat mus\u00edm. N\u011bkdy sta\u010d\u00ed otev\u0159\u00edt jedny dve\u0159e, aby n\u011bco pozitivn\u00edho, n\u011bco dobr\u00e9ho bylo uvedeno do pohybu.&#8221;<\/p>\n<p>Ud\u011blejte tak\u00e9 vy z tohoto filmu zcela osobn\u00ed setk\u00e1n\u00ed.<\/p>\n","protected":false},"excerpt":{"rendered":"<p>Osobn\u00ed setk\u00e1n\u00ed DVD, 2013, 60 minuty DE, EN, HR, CZ, NL (samostatn\u00fd dvd) Stovky tis\u00edc se s n\u00edm setk\u00e1vaj\u00ed ka\u017ed\u00fd rok. Braco, mu\u017e ze Z\u00e1h\u0159ebu, Chorvatska, zn\u00e1m\u00fd sv\u00fdm &#8220;d\u00e1vaj\u00edc\u00edm pohledem&#8221;, kter\u00fd lid\u00e9 ozna\u010duj\u00ed jako podivuhodn\u00fd. Mnoho vypr\u00e1v\u00ed o z\u00e1\u017eitc\u00edch a pocitech jako je m\u00edr, harmonie, l\u00e1ska a nov\u00e1 d\u016fv\u011bra. Mnoz\u00ed mluv\u00ed o nov\u00e9m pocitu v [&hellip;]<\/p>\n","protected":false},"featured_media":5407,"template":"","meta":{"_et_pb_use_builder":"","_et_pb_old_content":"","_et_gb_content_width":""},"product_brand":[],"product_cat":[17],"product_tag":[],"class_list":{"0":"post-3926","1":"product","2":"type-product","3":"status-publish","4":"has-post-thumbnail","6":"product_cat-unkategorisiert","8":"first","9":"instock","10":"taxable","11":"shipping-taxable","12":"purchasable","13":"product-type-simple"},"_links":{"self":[{"href":"https:\/\/braco.global\/en\/wp-json\/wp\/v2\/product\/3926","targetHints":{"allow":["GET"]}}],"collection":[{"href":"https:\/\/braco.global\/en\/wp-json\/wp\/v2\/product"}],"about":[{"href":"https:\/\/braco.global\/en\/wp-json\/wp\/v2\/types\/product"}],"wp:featuredmedia":[{"embeddable":true,"href":"https:\/\/braco.global\/en\/wp-json\/wp\/v2\/media\/5407"}],"wp:attachment":[{"href":"https:\/\/braco.global\/en\/wp-json\/wp\/v2\/media?parent=3926"}],"wp:term":[{"taxonomy":"product_brand","embeddable":true,"href":"https:\/\/braco.global\/en\/wp-json\/wp\/v2\/product_brand?post=3926"},{"taxonomy":"product_cat","embeddable":true,"href":"https:\/\/braco.global\/en\/wp-json\/wp\/v2\/product_cat?post=3926"},{"taxonomy":"product_tag","embeddable":true,"href":"https:\/\/braco.global\/en\/wp-json\/wp\/v2\/product_tag?post=3926"}],"curies":[{"name":"wp","href":"https:\/\/api.w.org\/{rel}","templated":true}]}}