{"id":230495,"date":"2020-03-18T13:07:27","date_gmt":"2020-03-18T13:07:27","guid":{"rendered":"https:\/\/braco.global\/shop\/po-velke-tragedii-od-j-g-braco\/"},"modified":"2020-03-18T13:07:27","modified_gmt":"2020-03-18T13:07:27","slug":"po-velke-tragedii-od-j-g-braco","status":"publish","type":"product","link":"https:\/\/braco.global\/en\/shop\/po-velke-tragedii-od-j-g-braco\/","title":{"rendered":"Po velk\u00e9 trag\u00e9dii \u2013 Od J. G.Braco"},"content":{"rendered":"<p><strong>Po velk\u00e9 trag\u00e9dii<br \/>\nOd J. G.Braco<br \/>\n<\/strong><\/p>\n<p><strong>Den\u00edk, 156 stran<\/strong><\/p>\n<p>Kniha obsahuje v jednom vyd\u00e1n\u00ed ob\u011b Bracovy knihy Probuzen\u00ed a Slunce.<\/p>\n<p>V roce 1993 se setkal Braco s Ivicou Prokicem, jeho\u017e pr\u00e1ce pro lidi d\u00edky jeho mimo\u0159\u00e1dn\u00e9mu nad\u00e1n\u00ed pom\u00e1hat nav\u017edy zm\u011bnila Brac\u016fv \u017eivot. Tragickou nehodou v dubnu 1995 ztratil Braco sv\u00e9ho mentora a nejlep\u0161\u00edho p\u0159\u00edtele. V t\u00e9to knize Braco popisuje, jak se stal n\u00e1sledn\u00edkem Ivicovy mise a objevil sv\u00e9 vlastn\u00ed schopnosti pom\u00e1hat lidem v tom, aby m\u011bli lep\u0161\u00ed \u017eivot. \u010cetba t\u00e9to knihy d\u00e1v\u00e1 nad\u011bji \u2013 po velk\u00e9 trag\u00e9dii.<\/p>\n<p>V t\u00e9to nad\u010dasov\u00e9 knize tak\u00e9 jde o Bracovu tak jedine\u010dnou p\u0159irozenou \u017eivotn\u00ed perspektivu bohatou na pozn\u00e1n\u00ed, kter\u00e1 ukazuje, jak je mo\u017en\u00e9 navzdory mnoha vyzv\u00e1n\u00edm dos\u00e1hnout lep\u0161\u00ed \u017eivot, nad\u011bje pro n\u00e1s, pro na\u0161i budoucnost a pro budouc\u00ed generace. Tuto mimo\u0159\u00e1dnou knihu je nejl\u00e9pe \u010d\u00edst st\u00e1le znovu!<\/p>\n","protected":false},"excerpt":{"rendered":"<h6>\u203a <a href=\"https:\/\/braco.global\/shop\/nach-der-grossen-tragoedie-von-josip-g-braco\/\">German<\/a> | \u203a <a href=\"https:\/\/braco.global\/en\/shop\/after-the-great-tragedy-of-josip-g-braco\/\">English<\/a> | \u203a <a href=\"https:\/\/braco.global\/hr\/shop\/nakon-velike-tragedije-josipa-g-braca\/\">Croatian<\/a> | \u203a <a href=\"https:\/\/braco.global\/shop\/%D1%81%D0%BB%D0%B5%D0%B4-%D0%B3%D0%BE%D0%BB%D1%8F%D0%BC%D0%B0%D1%82%D0%B0-%D1%82%D1%80%D0%B0%D0%B3%D0%B5%D0%B4%D0%B8%D1%8F\/\">Bulgarian<\/a> | \u203a <a href=\"https:\/\/braco.global\/shop\/ison-jaerkytyksen-jaelkeen\/\">Finnish<\/a> | \u203a <a href=\"https:\/\/braco.global\/shop\/na-de-grote-tragedie-van-j-g-braco\/\">Dutch<\/a> | \u203a <a href=\"https:\/\/braco.global\/shop\/despues-de-la-gran-tragedia-por-j-g-braco\/\">Spanish<\/a> | \u203a <a href=\"https:\/\/braco.global\/shop\/po-velke-tragedii-od-j-g-braco\/\">Czech<\/a> | \u203a <a href=\"https:\/\/braco.global\/shop\/bueyuek-trajediden-sonra-j-g-braco\/\">Turkish<\/a><\/h6>\n","protected":false},"featured_media":229600,"template":"","meta":{"_et_pb_use_builder":"","_et_pb_old_content":"","_et_gb_content_width":""},"product_brand":[],"product_cat":[207,195],"product_tag":[],"class_list":{"0":"post-230495","1":"product","2":"type-product","3":"status-publish","4":"has-post-thumbnail","6":"product_cat-cz-en","7":"product_cat-other-languages-en","8":"product_shipping_class-shipp-en","10":"first","11":"instock","12":"taxable","13":"shipping-taxable","14":"purchasable","15":"product-type-simple"},"_links":{"self":[{"href":"https:\/\/braco.global\/en\/wp-json\/wp\/v2\/product\/230495","targetHints":{"allow":["GET"]}}],"collection":[{"href":"https:\/\/braco.global\/en\/wp-json\/wp\/v2\/product"}],"about":[{"href":"https:\/\/braco.global\/en\/wp-json\/wp\/v2\/types\/product"}],"wp:featuredmedia":[{"embeddable":true,"href":"https:\/\/braco.global\/en\/wp-json\/wp\/v2\/media\/229600"}],"wp:attachment":[{"href":"https:\/\/braco.global\/en\/wp-json\/wp\/v2\/media?parent=230495"}],"wp:term":[{"taxonomy":"product_brand","embeddable":true,"href":"https:\/\/braco.global\/en\/wp-json\/wp\/v2\/product_brand?post=230495"},{"taxonomy":"product_cat","embeddable":true,"href":"https:\/\/braco.global\/en\/wp-json\/wp\/v2\/product_cat?post=230495"},{"taxonomy":"product_tag","embeddable":true,"href":"https:\/\/braco.global\/en\/wp-json\/wp\/v2\/product_tag?post=230495"}],"curies":[{"name":"wp","href":"https:\/\/api.w.org\/{rel}","templated":true}]}}