{"id":230491,"date":"2020-03-18T14:05:42","date_gmt":"2020-03-18T14:05:42","guid":{"rendered":"https:\/\/braco.global\/shop\/despues-de-la-gran-tragedia-por-j-g-braco\/"},"modified":"2020-03-18T14:05:42","modified_gmt":"2020-03-18T14:05:42","slug":"despues-de-la-gran-tragedia-por-j-g-braco","status":"publish","type":"product","link":"https:\/\/braco.global\/en\/shop\/despues-de-la-gran-tragedia-por-j-g-braco\/","title":{"rendered":"Despu\u00e9s de la gran tragedia \u2013 por J. G. Braco"},"content":{"rendered":"<p><strong>Despu\u00e9s de la gran tragedia<br \/>\npor J. G. Braco<br \/>\n<\/strong><\/p>\n<p><strong>Libro de r\u00fastica, 150 p\u00e1ginas<\/strong><\/p>\n<p>Este libro contiene en una sola edici\u00f3n los dos libros que fueron escritos por Braco: \u201cEl Amanecer\u201d y \u201cEl Sol.<\/p>\n<p>En 1993 Braco conoci\u00f3 a Ivica Prokic. El trabajo de \u00e9ste \u00faltimo, ayudar a las personas con su don especial ha cambiado la vida de Braco para siempre. En un accidente tr\u00e1gico, en Abril de 1995, Braco perdi\u00f3 a su mentor que a la vez era su mejor amigo. Braco describe en este libro como fue que el se convirti\u00f3 en el sucesor de la misi\u00f3n de Ivica y c\u00f3mo descubri\u00f3 sus propios dones para ayudar a las personas para que tengan una vida mejor. La lectura de este libro regala esperanza despu\u00e9s de una gran tragedia.<\/p>\n<p>Este libro que es atemporal trata tambi\u00e9n de la perspectiva de vida \u00fanica y tan natural de Braco, llena de reconocimientos, y que muestra c\u00f3mo uno puede conseguir una vida mejor a pesar de los tantos retos. Nos ense\u00f1a tener esperanza nosotros mismos, en nuestro futuro y en el de las generaciones futuras. \u00a1Es un libro tan especial que se recomienda leerlo m\u00e1s de una vez!<\/p>\n","protected":false},"excerpt":{"rendered":"<h6>\u203a <a href=\"https:\/\/braco.global\/shop\/nach-der-grossen-tragoedie-von-josip-g-braco\/\">German<\/a> | \u203a <a href=\"https:\/\/braco.global\/en\/shop\/after-the-great-tragedy-of-josip-g-braco\/\">English<\/a> | \u203a <a href=\"https:\/\/braco.global\/hr\/shop\/nakon-velike-tragedije-josipa-g-braca\/\">Croatian<\/a> | \u203a <a href=\"https:\/\/braco.global\/shop\/%D1%81%D0%BB%D0%B5%D0%B4-%D0%B3%D0%BE%D0%BB%D1%8F%D0%BC%D0%B0%D1%82%D0%B0-%D1%82%D1%80%D0%B0%D0%B3%D0%B5%D0%B4%D0%B8%D1%8F\/\">Bulgarian<\/a> | \u203a <a href=\"https:\/\/braco.global\/shop\/ison-jaerkytyksen-jaelkeen\/\">Finnish<\/a> | \u203a <a href=\"https:\/\/braco.global\/shop\/na-de-grote-tragedie-van-j-g-braco\/\">Dutch<\/a> | \u203a <a href=\"https:\/\/braco.global\/shop\/despues-de-la-gran-tragedia-por-j-g-braco\/\">Spanish<\/a> | \u203a <a href=\"https:\/\/braco.global\/shop\/po-velke-tragedii-od-j-g-braco\/\">Czech<\/a> | \u203a <a href=\"https:\/\/braco.global\/shop\/bueyuek-trajediden-sonra-j-g-braco\/\">Turkish<\/a><\/h6>\n","protected":false},"featured_media":229592,"template":"","meta":{"_et_pb_use_builder":"","_et_pb_old_content":"","_et_gb_content_width":""},"product_brand":[],"product_cat":[202,195],"product_tag":[],"class_list":{"0":"post-230491","1":"product","2":"type-product","3":"status-publish","4":"has-post-thumbnail","6":"product_cat-esp-en","7":"product_cat-other-languages-en","8":"product_shipping_class-shipp-en","10":"first","11":"instock","12":"taxable","13":"shipping-taxable","14":"purchasable","15":"product-type-simple"},"_links":{"self":[{"href":"https:\/\/braco.global\/en\/wp-json\/wp\/v2\/product\/230491","targetHints":{"allow":["GET"]}}],"collection":[{"href":"https:\/\/braco.global\/en\/wp-json\/wp\/v2\/product"}],"about":[{"href":"https:\/\/braco.global\/en\/wp-json\/wp\/v2\/types\/product"}],"wp:featuredmedia":[{"embeddable":true,"href":"https:\/\/braco.global\/en\/wp-json\/wp\/v2\/media\/229592"}],"wp:attachment":[{"href":"https:\/\/braco.global\/en\/wp-json\/wp\/v2\/media?parent=230491"}],"wp:term":[{"taxonomy":"product_brand","embeddable":true,"href":"https:\/\/braco.global\/en\/wp-json\/wp\/v2\/product_brand?post=230491"},{"taxonomy":"product_cat","embeddable":true,"href":"https:\/\/braco.global\/en\/wp-json\/wp\/v2\/product_cat?post=230491"},{"taxonomy":"product_tag","embeddable":true,"href":"https:\/\/braco.global\/en\/wp-json\/wp\/v2\/product_tag?post=230491"}],"curies":[{"name":"wp","href":"https:\/\/api.w.org\/{rel}","templated":true}]}}