{"id":230485,"date":"2020-03-18T14:51:26","date_gmt":"2020-03-18T14:51:26","guid":{"rendered":"https:\/\/braco.global\/shop\/bueyuek-trajediden-sonra-j-g-braco\/"},"modified":"2023-02-16T11:05:04","modified_gmt":"2023-02-16T11:05:04","slug":"bueyuek-trajediden-sonra-j-g-braco","status":"publish","type":"product","link":"https:\/\/braco.global\/en\/shop\/bueyuek-trajediden-sonra-j-g-braco\/","title":{"rendered":"B\u00fcy\u00fck trajediden sonra &#8211; J. G. Braco"},"content":{"rendered":"<p><strong>B\u00fcy\u00fck trajediden sonra &#8211; J. G. Braco<br \/>\n<\/strong><\/p>\n<p><strong>Karton kapakl\u0131 kitap, 168 sayfa<\/strong><\/p>\n<p>Bu kitap, Braco&#8217;nun &#8220;Uyan\u0131\u015f&#8221; ve &#8220;G\u00fcne\u015f&#8221; ad\u0131ndaki iki kitab\u0131n\u0131 tek ciltte i\u00e7eriyor.<\/p>\n<p>1993&#8217;te Braco Ivica Prokic ile kar\u015f\u0131la\u015f\u0131r ve onun \u00f6zel yetene\u011fi ile insanlara yard\u0131m etmesi, Braco&#8217;nun hayat\u0131n\u0131 ebediyyen de\u011fi\u015ftirir. Nisan 1995&#8217;te Braco, trajik bir kaza sonucu rehberini ve en iyi arkada\u015f\u0131n\u0131 kaybeder. Braco bu kitapta Ivica&#8217;n\u0131n misyonunu nas\u0131l devrald\u0131\u011f\u0131n\u0131 ve insanlar\u0131n daha iyi bir hayata sahip olmalar\u0131 i\u00e7in yard\u0131m etme yetene\u011fini kendisinde nas\u0131l ke\u015ffetti\u011fini anlat\u0131yor. Bu kitab\u0131 okumak \u00fcmit veriyor -b\u00fcy\u00fck bir trajediden sonra.<\/p>\n<p>Ge\u00e7erlili\u011fini hi\u00e7 yitirmeyecek olan bu kitapta, Braco&#8217;nun idrak ettikleri ve bir\u00e7ok sorunlar\u0131n olmas\u0131na ra\u011fmen daha iyi bir hayata nas\u0131l kavu\u015fabilece\u011fimizi g\u00f6steren, ya\u015famla ilgili e\u015fsiz do\u011fal bak\u0131\u015f a\u00e7\u0131s\u0131 ele al\u0131nmaktad\u0131r; bizim i\u00e7in, gelece\u011fimiz i\u00e7in ve gelecek nesiller i\u00e7in umuttur. Bu, tekrar tekrar okunas\u0131 bir kitapt\u0131r!<\/p>\n","protected":false},"excerpt":{"rendered":"<h6>\u203a <a href=\"https:\/\/braco.global\/shop\/nach-der-grossen-tragoedie-von-josip-g-braco\/\">German<\/a> | \u203a <a href=\"https:\/\/braco.global\/en\/shop\/after-the-great-tragedy-of-josip-g-braco\/\">English<\/a> | \u203a <a href=\"https:\/\/braco.global\/hr\/shop\/nakon-velike-tragedije-josipa-g-braca\/\">Croatian<\/a> | \u203a <a href=\"https:\/\/braco.global\/shop\/%D1%81%D0%BB%D0%B5%D0%B4-%D0%B3%D0%BE%D0%BB%D1%8F%D0%BC%D0%B0%D1%82%D0%B0-%D1%82%D1%80%D0%B0%D0%B3%D0%B5%D0%B4%D0%B8%D1%8F\/\">Bulgarian<\/a> | \u203a <a href=\"https:\/\/braco.global\/shop\/ison-jaerkytyksen-jaelkeen\/\">Finnish<\/a> | \u203a <a href=\"https:\/\/braco.global\/shop\/na-de-grote-tragedie-van-j-g-braco\/\">Dutch<\/a> | \u203a <a href=\"https:\/\/braco.global\/shop\/despues-de-la-gran-tragedia-por-j-g-braco\/\">Spanish<\/a> | \u203a <a href=\"https:\/\/braco.global\/shop\/po-velke-tragedii-od-j-g-braco\/\">Czech<\/a> | \u203a <a href=\"https:\/\/braco.global\/shop\/bueyuek-trajediden-sonra-j-g-braco\/\">Turkish<\/a><\/h6>\n","protected":false},"featured_media":229604,"template":"","meta":{"_et_pb_use_builder":"","_et_pb_old_content":"","_et_gb_content_width":""},"product_brand":[],"product_cat":[195,194],"product_tag":[],"class_list":{"0":"post-230485","1":"product","2":"type-product","3":"status-publish","4":"has-post-thumbnail","6":"product_cat-other-languages-en","7":"product_cat-turkish-en","8":"product_shipping_class-shipp-en","10":"first","11":"instock","12":"taxable","13":"shipping-taxable","14":"purchasable","15":"product-type-simple"},"_links":{"self":[{"href":"https:\/\/braco.global\/en\/wp-json\/wp\/v2\/product\/230485","targetHints":{"allow":["GET"]}}],"collection":[{"href":"https:\/\/braco.global\/en\/wp-json\/wp\/v2\/product"}],"about":[{"href":"https:\/\/braco.global\/en\/wp-json\/wp\/v2\/types\/product"}],"wp:featuredmedia":[{"embeddable":true,"href":"https:\/\/braco.global\/en\/wp-json\/wp\/v2\/media\/229604"}],"wp:attachment":[{"href":"https:\/\/braco.global\/en\/wp-json\/wp\/v2\/media?parent=230485"}],"wp:term":[{"taxonomy":"product_brand","embeddable":true,"href":"https:\/\/braco.global\/en\/wp-json\/wp\/v2\/product_brand?post=230485"},{"taxonomy":"product_cat","embeddable":true,"href":"https:\/\/braco.global\/en\/wp-json\/wp\/v2\/product_cat?post=230485"},{"taxonomy":"product_tag","embeddable":true,"href":"https:\/\/braco.global\/en\/wp-json\/wp\/v2\/product_tag?post=230485"}],"curies":[{"name":"wp","href":"https:\/\/api.w.org\/{rel}","templated":true}]}}