{"id":225497,"date":"2022-08-03T19:29:33","date_gmt":"2022-08-03T19:29:33","guid":{"rendered":"https:\/\/braco.global\/?post_type=product&#038;p=225497"},"modified":"2023-04-10T08:34:23","modified_gmt":"2023-04-10T08:34:23","slug":"braco-fuer-dich","status":"publish","type":"product","link":"https:\/\/braco.global\/en\/shop\/braco-fuer-dich\/","title":{"rendered":"Braco f\u00fcr Dich"},"content":{"rendered":"<p><strong>BRACO \u2013 Das Buch f\u00fcr Dich<br \/>\n<\/strong><\/p>\n<p>E-Book (ePUB + PDF)<\/p>\n<p>Jedes Gesicht strahlt eine besondere Sch\u00f6nheit aus, so wie jedes Land auf seine eigene Art sch\u00f6n ist. Jedes Gesicht ist sch\u00f6n auf seine eigene Art, so wie jedes Land eine besondere Sch\u00f6nheit ausstrahlt.<\/p>\n<p>Das Geheimnis des Lebens liegt in der Energie, die uns antreibt. Das Geheimnis des Lebens liegt in der Offenheit, mit der wir die Kraft des Windes, das Beben der Erde, die Vibration der H\u00f6hen, den Duft der Blumen, die Aura der ausgestreckten H\u00e4nde, die unendliche Energie der Sonne, die unbeschreibliche Vibration des Universums empfangen. Wenn wir es nicht selbst k\u00f6nnen, dann steht uns Braco bei.<\/p>\n<p>Wenn es dunkel wird, machen wir das Licht an. Wenn wir krank sind, nehmen wir ein Medikament. Aber jedes Licht hinterl\u00e4sst einen Schatten. Einen Schatten, der auch sch\u00f6n und anziehend sein kann; einen Schatten, der uns klar macht, dass wir klein sind und erst dann sichtbar, wenn wir von der Sonne bestrahlt werden. Das einzige Licht, das keinen Schatten wirft, ist das Licht, das wir in uns tragen: das Licht der Liebe.<\/p>\n","protected":false},"excerpt":{"rendered":"<h6>\u203a <a href=\"https:\/\/braco.global\/shop\/braco-fuer-dich\/\">Deutsch<\/a>\u00a0| \u203a <a href=\"https:\/\/braco.global\/hr\/shop\/knjiga-za-tebe\/\">Kroatisch<\/a><\/h6>\n","protected":false},"featured_media":225722,"template":"","meta":{"_et_pb_use_builder":"","_et_pb_old_content":"","_et_gb_content_width":""},"product_brand":[],"product_cat":[90],"product_tag":[],"class_list":{"0":"post-225497","1":"product","2":"type-product","3":"status-publish","4":"has-post-thumbnail","6":"product_cat-e-books-de","7":"product_shipping_class-digital-download","9":"first","10":"instock","11":"downloadable","12":"virtual","13":"taxable","14":"purchasable","15":"product-type-simple"},"_links":{"self":[{"href":"https:\/\/braco.global\/en\/wp-json\/wp\/v2\/product\/225497","targetHints":{"allow":["GET"]}}],"collection":[{"href":"https:\/\/braco.global\/en\/wp-json\/wp\/v2\/product"}],"about":[{"href":"https:\/\/braco.global\/en\/wp-json\/wp\/v2\/types\/product"}],"wp:featuredmedia":[{"embeddable":true,"href":"https:\/\/braco.global\/en\/wp-json\/wp\/v2\/media\/225722"}],"wp:attachment":[{"href":"https:\/\/braco.global\/en\/wp-json\/wp\/v2\/media?parent=225497"}],"wp:term":[{"taxonomy":"product_brand","embeddable":true,"href":"https:\/\/braco.global\/en\/wp-json\/wp\/v2\/product_brand?post=225497"},{"taxonomy":"product_cat","embeddable":true,"href":"https:\/\/braco.global\/en\/wp-json\/wp\/v2\/product_cat?post=225497"},{"taxonomy":"product_tag","embeddable":true,"href":"https:\/\/braco.global\/en\/wp-json\/wp\/v2\/product_tag?post=225497"}],"curies":[{"name":"wp","href":"https:\/\/api.w.org\/{rel}","templated":true}]}}