{"id":225496,"date":"2022-08-03T19:28:53","date_gmt":"2022-08-03T19:28:53","guid":{"rendered":"https:\/\/braco.global\/?post_type=product&#038;p=225496"},"modified":"2023-04-10T08:33:31","modified_gmt":"2023-04-10T08:33:31","slug":"braco-fuer-dich-2","status":"publish","type":"product","link":"https:\/\/braco.global\/en\/shop\/braco-fuer-dich-2\/","title":{"rendered":"Braco f\u00fcr Dich 2"},"content":{"rendered":"<p><strong>BRACO \u2013 Das Buch f\u00fcr Dich 2<br \/>\n<\/strong><\/p>\n<p>E-Book (ePUB + PDF)<\/p>\n<p>Sead Alics zweites Buch gibt herz\u00f6ffnende Einblicke in wichtige Bereiche des Lebens: Vertrauen, Offenheit, Liebe, Freundschaft, Natur. Berichte \u00fcber unterschiedliche Erlebnisse und Erkenntnisse der Besucher runden das Buch ab, das dank verschiedener Fotos von Braco, die \u2013 \u00e4hnlich Bracos gebendem Blick \u2013 das vermitteln, was zwar Unsichtbar ist, aber gl\u00fccklich stimmen kann.<\/p>\n<p>\u201eEntspannen Sie sich\u201c, scheint der Mensch zu sagen, der uns v\u00f6llig entspannt die T\u00fcr \u00f6ffnet. \u201eSeien Sie nat\u00fcrlich\u201c, scheinen seine Bewegungen auszudr\u00fccken, der jeden freien Moment der Sch\u00f6nheit und der Kraft der Natur widmet. \u201eSeien Sie im Hier und Jetzt\u201c. Wir sind aus der gleichen Materie geschaffen, aus der auch die entferntesten Galaxien geschaffen sind. Sammeln wir das Universum in uns und werden wir einen Augenblick lang so breit, gro\u00dfe, offen und herrlich wie das Universum selbst. Schauen wir uns die Ruhe dieses Menschen an, der mit Ruhe und Ordnung vereint ist, mit der Sch\u00f6nheit, dem Wort, dem Logos der Welt und versuchen wir, in uns den Kanal zu finden, durch den der gleiche Segen und der gleiche Reichtum auch in unseren K\u00f6rper einziehen wird.<\/p>\n<p>Manchmal sagen wir: \u201eNur der Himmel kann uns helfen.\u201c Helfen wir dann dem Himmel, uns zu helfen. \u00d6ffnen wir uns ihm gegen\u00fcber, so wie sich Braco gegen\u00fcber dem Himmel, der Natur, der Stille, dem Wasser, dem Vogelgezwitscher und den Menschen \u00f6ffnet.<\/p>\n","protected":false},"excerpt":{"rendered":"<h6>\u203a <a href=\"https:\/\/braco.global\/shop\/braco-fuer-dich-2\/\">Deutsch<\/a> | \u203a <a href=\"https:\/\/braco.global\/hr\/shop\/braco-knjiga-za-tebe-2\/\">Kroatisch<\/a><\/h6>\n","protected":false},"featured_media":225723,"template":"","meta":{"_et_pb_use_builder":"","_et_pb_old_content":"","_et_gb_content_width":""},"product_brand":[],"product_cat":[90],"product_tag":[],"class_list":{"0":"post-225496","1":"product","2":"type-product","3":"status-publish","4":"has-post-thumbnail","6":"product_cat-e-books-de","7":"product_shipping_class-digital-download","9":"first","10":"instock","11":"downloadable","12":"virtual","13":"taxable","14":"purchasable","15":"product-type-simple"},"_links":{"self":[{"href":"https:\/\/braco.global\/en\/wp-json\/wp\/v2\/product\/225496","targetHints":{"allow":["GET"]}}],"collection":[{"href":"https:\/\/braco.global\/en\/wp-json\/wp\/v2\/product"}],"about":[{"href":"https:\/\/braco.global\/en\/wp-json\/wp\/v2\/types\/product"}],"wp:featuredmedia":[{"embeddable":true,"href":"https:\/\/braco.global\/en\/wp-json\/wp\/v2\/media\/225723"}],"wp:attachment":[{"href":"https:\/\/braco.global\/en\/wp-json\/wp\/v2\/media?parent=225496"}],"wp:term":[{"taxonomy":"product_brand","embeddable":true,"href":"https:\/\/braco.global\/en\/wp-json\/wp\/v2\/product_brand?post=225496"},{"taxonomy":"product_cat","embeddable":true,"href":"https:\/\/braco.global\/en\/wp-json\/wp\/v2\/product_cat?post=225496"},{"taxonomy":"product_tag","embeddable":true,"href":"https:\/\/braco.global\/en\/wp-json\/wp\/v2\/product_tag?post=225496"}],"curies":[{"name":"wp","href":"https:\/\/api.w.org\/{rel}","templated":true}]}}