{"id":225477,"date":"2022-11-03T05:56:45","date_gmt":"2022-11-03T05:56:45","guid":{"rendered":"https:\/\/braco.global\/?post_type=product&#038;p=225477"},"modified":"2023-03-16T07:30:37","modified_gmt":"2023-03-16T07:30:37","slug":"braco-das-buch-fuer-dich-2","status":"publish","type":"product","link":"https:\/\/braco.global\/en\/shop\/braco-das-buch-fuer-dich-2\/","title":{"rendered":"BRACO \u2013 Das Buch f\u00fcr Dich 2"},"content":{"rendered":"<p><strong>BRACO \u2013 Das Buch f\u00fcr Dich 2<br \/>\n<\/strong><\/p>\n<p><strong>Hardcover, 163 Seiten<\/strong><\/p>\n<p>Sead Alics zweites Buch gibt herz\u00f6ffnende Einblicke in wichtige Bereiche des Lebens: Vertrauen, Offenheit, Liebe, Freundschaft, Natur. Berichte \u00fcber unterschiedliche Erlebnisse und Erkenntnisse der Besucher runden das Buch ab, das dank verschiedener Fotos von Braco, die \u2013 \u00e4hnlich Bracos gebendem Blick \u2013 das vermitteln, was zwar Unsichtbar ist, aber gl\u00fccklich stimmen kann.<\/p>\n<p>\u201eEntspannen Sie sich\u201c, scheint der Mensch zu sagen, der uns v\u00f6llig entspannt die T\u00fcr \u00f6ffnet. \u201eSeien Sie nat\u00fcrlich\u201c, scheinen seine Bewegungen auszudr\u00fccken, der jeden freien Moment der Sch\u00f6nheit und der Kraft der Natur widmet. \u201eSeien Sie im Hier und Jetzt\u201c. Wir sind aus der gleichen Materie geschaffen, aus der auch die entferntesten Galaxien geschaffen sind. Sammeln wir das Universum in uns und werden wir einen Augenblick lang so breit, gro\u00dfe, offen und herrlich wie das Universum selbst. Schauen wir uns die Ruhe dieses Menschen an, der mit Ruhe und Ordnung vereint ist, mit der Sch\u00f6nheit, dem Wort, dem Logos der Welt und versuchen wir, in uns den Kanal zu finden, durch den der gleiche Segen und der gleiche Reichtum auch in unseren K\u00f6rper einziehen wird.<\/p>\n<p>Manchmal sagen wir: \u201eNur der Himmel kann uns helfen.\u201c Helfen wir dann dem Himmel, uns zu helfen. \u00d6ffnen wir uns ihm gegen\u00fcber, so wie sich Braco gegen\u00fcber dem Himmel, der Natur, der Stille, dem Wasser, dem Vogelgezwitscher und den Menschen \u00f6ffnet.<\/p>\n<p><strong><div class=\"real3dflipbook\" id=\"0_69de8dfb7d65f\" style=\"position:absolute;\" data-flipbook-options=\"{&quot;pages&quot;:[],&quot;pdfUrl&quot;:&quot;https:\\\/\\\/braco.global\\\/wp-content\\\/uploads\\\/real3d\\\/bib-braco_dasbuchf\\u00fcrdich_2_seadalic_deutsch-final.pdf&quot;,&quot;printPdfUrl&quot;:&quot;&quot;,&quot;tableOfContent&quot;:[],&quot;id&quot;:&quot;&quot;,&quot;bookId&quot;:&quot;&quot;,&quot;date&quot;:&quot;&quot;,&quot;lightboxThumbnailUrl&quot;:&quot;&quot;,&quot;mode&quot;:&quot;normal&quot;,&quot;viewMode&quot;:&quot;webgl&quot;,&quot;pageTextureSize&quot;:&quot;2048&quot;,&quot;pageTextureSizeSmall&quot;:&quot;1500&quot;,&quot;pageTextureSizeMobile&quot;:&quot;&quot;,&quot;pageTextureSizeMobileSmall&quot;:&quot;1024&quot;,&quot;pdfTextLayer&quot;:&quot;true&quot;,&quot;zoomMin&quot;:&quot;0.9&quot;,&quot;zoomStep&quot;:&quot;2&quot;,&quot;zoomSize&quot;:&quot;&quot;,&quot;zoomReset&quot;:&quot;false&quot;,&quot;doubleClickZoom&quot;:&quot;true&quot;,&quot;pageDrag&quot;:&quot;true&quot;,&quot;singlePageMode&quot;:&quot;false&quot;,&quot;pageFlipDuration&quot;:&quot;1&quot;,&quot;sound&quot;:&quot;true&quot;,&quot;startPage&quot;:&quot;1&quot;,&quot;deeplinking&quot;:{&quot;enabled&quot;:&quot;false&quot;},&quot;responsiveView&quot;:&quot;true&quot;,&quot;responsiveViewTreshold&quot;:&quot;768&quot;,&quot;cover&quot;:&quot;true&quot;,&quot;backCover&quot;:&quot;true&quot;,&quot;height&quot;:&quot;400&quot;,&quot;responsiveHeight&quot;:&quot;true&quot;,&quot;aspectRatio&quot;:&quot;2&quot;,&quot;thumbnailsOnStart&quot;:&quot;false&quot;,&quot;contentOnStart&quot;:&quot;false&quot;,&quot;searchOnStart&quot;:&quot;&quot;,&quot;tableOfContentCloseOnClick&quot;:&quot;true&quot;,&quot;thumbsCloseOnClick&quot;:&quot;true&quot;,&quot;autoplayOnStart&quot;:&quot;false&quot;,&quot;autoplayInterval&quot;:&quot;3000&quot;,&quot;autoplayLoop&quot;:&quot;true&quot;,&quot;autoplayStartPage&quot;:&quot;1&quot;,&quot;rightToLeft&quot;:&quot;false&quot;,&quot;pageWidth&quot;:&quot;&quot;,&quot;pageHeight&quot;:&quot;&quot;,&quot;thumbSize&quot;:&quot;130&quot;,&quot;logoImg&quot;:&quot;&quot;,&quot;logoUrl&quot;:&quot;&quot;,&quot;logoUrlTarget&quot;:&quot;_blank&quot;,&quot;logoCSS&quot;:&quot;position:absolute;left:0;top:0;&quot;,&quot;menuSelector&quot;:&quot;&quot;,&quot;zIndex&quot;:&quot;auto&quot;,&quot;preloaderText&quot;:&quot;&quot;,&quot;googleAnalyticsTrackingCode&quot;:&quot;&quot;,&quot;pdfBrowserViewerIfIE&quot;:&quot;false&quot;,&quot;modeMobile&quot;:&quot;&quot;,&quot;viewModeMobile&quot;:&quot;&quot;,&quot;aspectRatioMobile&quot;:&quot;&quot;,&quot;singlePageModeIfMobile&quot;:&quot;false&quot;,&quot;pdfBrowserViewerIfMobile&quot;:&quot;false&quot;,&quot;pdfBrowserViewerFullscreen&quot;:&quot;true&quot;,&quot;pdfBrowserViewerFullscreenTarget&quot;:&quot;_blank&quot;,&quot;btnTocIfMobile&quot;:&quot;true&quot;,&quot;btnThumbsIfMobile&quot;:&quot;true&quot;,&quot;btnShareIfMobile&quot;:&quot;false&quot;,&quot;btnDownloadPagesIfMobile&quot;:&quot;true&quot;,&quot;btnDownloadPdfIfMobile&quot;:&quot;true&quot;,&quot;btnSoundIfMobile&quot;:&quot;false&quot;,&quot;btnExpandIfMobile&quot;:&quot;true&quot;,&quot;btnPrintIfMobile&quot;:&quot;false&quot;,&quot;logoHideOnMobile&quot;:&quot;false&quot;,&quot;mobile&quot;:{&quot;contentOnStart&quot;:&quot;false&quot;,&quot;thumbnailsOnStart&quot;:&quot;false&quot;},&quot;lightboxCssClass&quot;:&quot;&quot;,&quot;lightboxLink&quot;:&quot;&quot;,&quot;lightboxLinkNewWindow&quot;:&quot;true&quot;,&quot;lightboxBackground&quot;:&quot;rgb(81, 85, 88)&quot;,&quot;lightboxBackgroundPattern&quot;:&quot;&quot;,&quot;lightboxBackgroundImage&quot;:&quot;&quot;,&quot;lightboxContainerCSS&quot;:&quot;display:inline-block;padding:10px;&quot;,&quot;lightboxThumbnailHeight&quot;:&quot;300&quot;,&quot;lightboxThumbnailUrlCSS&quot;:&quot;display:block;&quot;,&quot;lightboxThumbnailInfo&quot;:&quot;false&quot;,&quot;lightboxThumbnailInfoText&quot;:&quot;&quot;,&quot;lightboxThumbnailInfoCSS&quot;:&quot;top: 0;  width: 100%; height: 100%; font-size: 16px; color: #000; background: rgba(255,255,255,.8);&quot;,&quot;showTitle&quot;:&quot;false&quot;,&quot;showDate&quot;:&quot;false&quot;,&quot;hideThumbnail&quot;:&quot;false&quot;,&quot;lightboxText&quot;:&quot;&quot;,&quot;lightboxTextCSS&quot;:&quot;display:block;&quot;,&quot;lightboxTextPosition&quot;:&quot;top&quot;,&quot;lightBoxOpened&quot;:&quot;false&quot;,&quot;lightBoxFullscreen&quot;:&quot;false&quot;,&quot;lightboxCloseOnClick&quot;:&quot;false&quot;,&quot;lightboxStartPage&quot;:&quot;&quot;,&quot;lightboxMarginV&quot;:&quot;0&quot;,&quot;lightboxMarginH&quot;:&quot;0&quot;,&quot;lights&quot;:&quot;true&quot;,&quot;lightPositionX&quot;:&quot;0&quot;,&quot;lightPositionY&quot;:&quot;150&quot;,&quot;lightPositionZ&quot;:&quot;1400&quot;,&quot;lightIntensity&quot;:&quot;0.6&quot;,&quot;shadows&quot;:&quot;true&quot;,&quot;shadowMapSize&quot;:&quot;2048&quot;,&quot;shadowOpacity&quot;:&quot;0.2&quot;,&quot;shadowDistance&quot;:&quot;15&quot;,&quot;pageHardness&quot;:&quot;2&quot;,&quot;coverHardness&quot;:&quot;2&quot;,&quot;pageRoughness&quot;:&quot;1&quot;,&quot;pageMetalness&quot;:&quot;0&quot;,&quot;pageSegmentsW&quot;:&quot;6&quot;,&quot;pageSegmentsH&quot;:&quot;1&quot;,&quot;pageMiddleShadowSize&quot;:&quot;2&quot;,&quot;pageMiddleShadowColorL&quot;:&quot;#999999&quot;,&quot;pageMiddleShadowColorR&quot;:&quot;#777777&quot;,&quot;antialias&quot;:&quot;false&quot;,&quot;pan&quot;:&quot;0&quot;,&quot;tilt&quot;:&quot;0&quot;,&quot;rotateCameraOnMouseDrag&quot;:&quot;true&quot;,&quot;panMax&quot;:&quot;20&quot;,&quot;panMin&quot;:&quot;-20&quot;,&quot;tiltMax&quot;:&quot;0&quot;,&quot;tiltMin&quot;:&quot;-60&quot;,&quot;currentPage&quot;:{&quot;enabled&quot;:&quot;true&quot;,&quot;title&quot;:&quot;Current page&quot;,&quot;vAlign&quot;:&quot;top&quot;,&quot;hAlign&quot;:&quot;left&quot;},&quot;btnAutoplay&quot;:{&quot;enabled&quot;:&quot;true&quot;,&quot;title&quot;:&quot;Autoplay&quot;},&quot;btnNext&quot;:{&quot;enabled&quot;:&quot;true&quot;,&quot;title&quot;:&quot;Next Page&quot;},&quot;btnLast&quot;:{&quot;enabled&quot;:&quot;false&quot;,&quot;title&quot;:&quot;Last Page&quot;},&quot;btnPrev&quot;:{&quot;enabled&quot;:&quot;true&quot;,&quot;title&quot;:&quot;Previous Page&quot;},&quot;btnFirst&quot;:{&quot;enabled&quot;:&quot;false&quot;,&quot;title&quot;:&quot;First Page&quot;},&quot;btnZoomIn&quot;:{&quot;enabled&quot;:&quot;true&quot;,&quot;title&quot;:&quot;Zoom in&quot;},&quot;btnZoomOut&quot;:{&quot;enabled&quot;:&quot;true&quot;,&quot;title&quot;:&quot;Zoom out&quot;},&quot;btnToc&quot;:{&quot;enabled&quot;:&quot;true&quot;,&quot;title&quot;:&quot;Table of Contents&quot;},&quot;btnThumbs&quot;:{&quot;enabled&quot;:&quot;true&quot;,&quot;title&quot;:&quot;Pages&quot;},&quot;btnShare&quot;:{&quot;enabled&quot;:&quot;true&quot;,&quot;title&quot;:&quot;Share&quot;},&quot;btnDownloadPages&quot;:{&quot;enabled&quot;:&quot;false&quot;,&quot;title&quot;:&quot;Download pages&quot;},&quot;btnDownloadPdf&quot;:{&quot;enabled&quot;:&quot;false&quot;,&quot;title&quot;:&quot;Download PDF&quot;},&quot;btnSound&quot;:{&quot;enabled&quot;:&quot;true&quot;,&quot;title&quot;:&quot;Sound&quot;},&quot;btnExpand&quot;:{&quot;enabled&quot;:&quot;true&quot;,&quot;title&quot;:&quot;Toggle fullscreen&quot;},&quot;btnSelect&quot;:{&quot;enabled&quot;:&quot;true&quot;,&quot;title&quot;:&quot;Select tool&quot;},&quot;btnSearch&quot;:{&quot;enabled&quot;:&quot;false&quot;,&quot;title&quot;:&quot;Search&quot;},&quot;btnBookmark&quot;:{&quot;enabled&quot;:&quot;false&quot;,&quot;title&quot;:&quot;Bookmark&quot;},&quot;btnPrint&quot;:{&quot;enabled&quot;:&quot;true&quot;,&quot;title&quot;:&quot;Print&quot;},&quot;btnClose&quot;:{&quot;enabled&quot;:&quot;true&quot;,&quot;title&quot;:&quot;Close&quot;},&quot;whatsapp&quot;:{&quot;enabled&quot;:&quot;true&quot;},&quot;twitter&quot;:{&quot;enabled&quot;:&quot;true&quot;},&quot;facebook&quot;:{&quot;enabled&quot;:&quot;true&quot;},&quot;pinterest&quot;:{&quot;enabled&quot;:&quot;true&quot;},&quot;email&quot;:{&quot;enabled&quot;:&quot;true&quot;},&quot;linkedin&quot;:{&quot;enabled&quot;:&quot;true&quot;},&quot;digg&quot;:{&quot;enabled&quot;:&quot;false&quot;},&quot;reddit&quot;:{&quot;enabled&quot;:&quot;false&quot;},&quot;shareUrl&quot;:&quot;&quot;,&quot;shareTitle&quot;:&quot;&quot;,&quot;shareImage&quot;:&quot;&quot;,&quot;layout&quot;:&quot;1&quot;,&quot;icons&quot;:&quot;FontAwesome&quot;,&quot;skin&quot;:&quot;light&quot;,&quot;useFontAwesome5&quot;:&quot;true&quot;,&quot;sideNavigationButtons&quot;:&quot;true&quot;,&quot;menuNavigationButtons&quot;:&quot;false&quot;,&quot;backgroundColor&quot;:&quot;rgb(81, 85, 88)&quot;,&quot;backgroundPattern&quot;:&quot;&quot;,&quot;backgroundImage&quot;:&quot;&quot;,&quot;backgroundTransparent&quot;:&quot;false&quot;,&quot;menuBackground&quot;:&quot;&quot;,&quot;menuShadow&quot;:&quot;&quot;,&quot;menuMargin&quot;:&quot;0&quot;,&quot;menuPadding&quot;:&quot;0&quot;,&quot;menuOverBook&quot;:&quot;false&quot;,&quot;menuFloating&quot;:&quot;false&quot;,&quot;menuTransparent&quot;:&quot;false&quot;,&quot;menu2Background&quot;:&quot;&quot;,&quot;menu2Shadow&quot;:&quot;&quot;,&quot;menu2Margin&quot;:&quot;0&quot;,&quot;menu2Padding&quot;:&quot;0&quot;,&quot;menu2OverBook&quot;:&quot;true&quot;,&quot;menu2Floating&quot;:&quot;false&quot;,&quot;menu2Transparent&quot;:&quot;true&quot;,&quot;skinColor&quot;:&quot;&quot;,&quot;skinBackground&quot;:&quot;&quot;,&quot;hideMenu&quot;:&quot;false&quot;,&quot;menuAlignHorizontal&quot;:&quot;center&quot;,&quot;btnColor&quot;:&quot;&quot;,&quot;btnColorHover&quot;:&quot;&quot;,&quot;btnBackground&quot;:&quot;none&quot;,&quot;btnRadius&quot;:&quot;0&quot;,&quot;btnMargin&quot;:&quot;0&quot;,&quot;btnSize&quot;:&quot;14&quot;,&quot;btnPaddingV&quot;:&quot;10&quot;,&quot;btnPaddingH&quot;:&quot;10&quot;,&quot;btnShadow&quot;:&quot;&quot;,&quot;btnTextShadow&quot;:&quot;&quot;,&quot;btnBorder&quot;:&quot;&quot;,&quot;sideBtnColor&quot;:&quot;#fff&quot;,&quot;sideBtnColorHover&quot;:&quot;#fff&quot;,&quot;sideBtnBackground&quot;:&quot;rgba(0,0,0,.3)&quot;,&quot;sideBtnBackgroundHover&quot;:&quot;&quot;,&quot;sideBtnRadius&quot;:&quot;0&quot;,&quot;sideBtnMargin&quot;:&quot;0&quot;,&quot;sideBtnSize&quot;:&quot;30&quot;,&quot;sideBtnPaddingV&quot;:&quot;5&quot;,&quot;sideBtnPaddingH&quot;:&quot;5&quot;,&quot;sideBtnShadow&quot;:&quot;&quot;,&quot;sideBtnTextShadow&quot;:&quot;&quot;,&quot;sideBtnBorder&quot;:&quot;&quot;,&quot;closeBtnColorHover&quot;:&quot;#FFF&quot;,&quot;closeBtnBackground&quot;:&quot;rgba(0,0,0,.4)&quot;,&quot;closeBtnRadius&quot;:&quot;0&quot;,&quot;closeBtnMargin&quot;:&quot;0&quot;,&quot;closeBtnSize&quot;:&quot;20&quot;,&quot;closeBtnPadding&quot;:&quot;5&quot;,&quot;closeBtnTextShadow&quot;:&quot;&quot;,&quot;closeBtnBorder&quot;:&quot;&quot;,&quot;floatingBtnColor&quot;:&quot;&quot;,&quot;floatingBtnColorHover&quot;:&quot;&quot;,&quot;floatingBtnBackground&quot;:&quot;&quot;,&quot;floatingBtnBackgroundHover&quot;:&quot;&quot;,&quot;floatingBtnRadius&quot;:&quot;&quot;,&quot;floatingBtnMargin&quot;:&quot;&quot;,&quot;floatingBtnSize&quot;:&quot;&quot;,&quot;floatingBtnPadding&quot;:&quot;&quot;,&quot;floatingBtnShadow&quot;:&quot;&quot;,&quot;floatingBtnTextShadow&quot;:&quot;&quot;,&quot;floatingBtnBorder&quot;:&quot;&quot;,&quot;currentPageMarginV&quot;:&quot;5&quot;,&quot;currentPageMarginH&quot;:&quot;5&quot;,&quot;arrowsAlwaysEnabledForNavigation&quot;:&quot;false&quot;,&quot;arrowsDisabledNotFullscreen&quot;:&quot;true&quot;,&quot;touchSwipeEnabled&quot;:&quot;true&quot;,&quot;rightClickEnabled&quot;:&quot;true&quot;,&quot;linkColor&quot;:&quot;rgba(0, 0, 0, 0)&quot;,&quot;linkColorHover&quot;:&quot;rgba(255, 255, 0, 1)&quot;,&quot;linkOpacity&quot;:&quot;0.4&quot;,&quot;linkTarget&quot;:&quot;_blank&quot;,&quot;pdfAutoLinks&quot;:&quot;false&quot;,&quot;strings&quot;:{&quot;print&quot;:&quot;Print&quot;,&quot;printLeftPage&quot;:&quot;Print left page&quot;,&quot;printRightPage&quot;:&quot;Print right page&quot;,&quot;printCurrentPage&quot;:&quot;Print current page&quot;,&quot;printAllPages&quot;:&quot;Print all pages&quot;,&quot;download&quot;:&quot;Download&quot;,&quot;downloadLeftPage&quot;:&quot;Download left page&quot;,&quot;downloadRightPage&quot;:&quot;Download right page&quot;,&quot;downloadCurrentPage&quot;:&quot;Download current page&quot;,&quot;downloadAllPages&quot;:&quot;Download all pages&quot;,&quot;bookmarks&quot;:&quot;Bookmarks&quot;,&quot;bookmarkLeftPage&quot;:&quot;Bookmark left page&quot;,&quot;bookmarkRightPage&quot;:&quot;Bookmark right page&quot;,&quot;bookmarkCurrentPage&quot;:&quot;Bookmark current page&quot;,&quot;search&quot;:&quot;Search&quot;,&quot;findInDocument&quot;:&quot;Find in document&quot;,&quot;pagesFoundContaining&quot;:&quot;pages found containing&quot;,&quot;thumbnails&quot;:&quot;Thumbnails&quot;,&quot;tableOfContent&quot;:&quot;Table of Contents&quot;,&quot;share&quot;:&quot;Share&quot;,&quot;pressEscToClose&quot;:&quot;Press ESC to close&quot;},&quot;access&quot;:&quot;full&quot;,&quot;backgroundMusic&quot;:&quot;&quot;,&quot;cornerCurl&quot;:&quot;false&quot;,&quot;sideMenuOverBook&quot;:&quot;true&quot;,&quot;sideMenuOverMenu&quot;:&quot;true&quot;,&quot;sideMenuOverMenu2&quot;:&quot;true&quot;,&quot;manageFlipbooks&quot;:&quot;Administrator&quot;,&quot;rewriteSlug&quot;:&quot;Disabled&quot;,&quot;rootFolder&quot;:&quot;https:\\\/\\\/braco.global\\\/wp-content\\\/plugins\\\/real3d-flipbook\\\/&quot;,&quot;version&quot;:&quot;3.36&quot;,&quot;uniqueId&quot;:&quot;0_69de8dfb7d65f&quot;}\"><\/div><\/strong><\/p>\n<p>&nbsp;<\/p>\n","protected":false},"excerpt":{"rendered":"<h6>\u203a <a href=\"https:\/\/braco.global\/shop\/braco-das-buch-fuer-dich-2\/\">Deutsch<\/a>\u00a0 |\u00a0\u203a <a href=\"https:\/\/braco.global\/hr\/shop\/braco-knjiga-za-tebe-2-3\/\">Kroatisch<\/a><\/h6>\n","protected":false},"featured_media":225505,"template":"","meta":{"_et_pb_use_builder":"","_et_pb_old_content":"","_et_gb_content_width":""},"product_brand":[],"product_cat":[89],"product_tag":[],"class_list":{"0":"post-225477","1":"product","2":"type-product","3":"status-publish","4":"has-post-thumbnail","6":"product_cat-buecher","7":"product_shipping_class-shipp","9":"first","10":"instock","11":"taxable","12":"shipping-taxable","13":"purchasable","14":"product-type-simple"},"_links":{"self":[{"href":"https:\/\/braco.global\/en\/wp-json\/wp\/v2\/product\/225477","targetHints":{"allow":["GET"]}}],"collection":[{"href":"https:\/\/braco.global\/en\/wp-json\/wp\/v2\/product"}],"about":[{"href":"https:\/\/braco.global\/en\/wp-json\/wp\/v2\/types\/product"}],"wp:featuredmedia":[{"embeddable":true,"href":"https:\/\/braco.global\/en\/wp-json\/wp\/v2\/media\/225505"}],"wp:attachment":[{"href":"https:\/\/braco.global\/en\/wp-json\/wp\/v2\/media?parent=225477"}],"wp:term":[{"taxonomy":"product_brand","embeddable":true,"href":"https:\/\/braco.global\/en\/wp-json\/wp\/v2\/product_brand?post=225477"},{"taxonomy":"product_cat","embeddable":true,"href":"https:\/\/braco.global\/en\/wp-json\/wp\/v2\/product_cat?post=225477"},{"taxonomy":"product_tag","embeddable":true,"href":"https:\/\/braco.global\/en\/wp-json\/wp\/v2\/product_tag?post=225477"}],"curies":[{"name":"wp","href":"https:\/\/api.w.org\/{rel}","templated":true}]}}